{"id":854,"date":"2018-01-30T16:09:00","date_gmt":"2018-01-30T16:09:00","guid":{"rendered":"http:\/\/www.dmeluxurycarrental.com\/sports-car-hire-barcelona\/"},"modified":"2023-02-19T17:10:28","modified_gmt":"2023-02-19T16:10:28","slug":"alquiler-superdeportivos-barcelona","status":"publish","type":"page","link":"https:\/\/www.dmeluxurycarrental.com\/es\/alquiler-superdeportivos-barcelona\/","title":{"rendered":"Conducir"},"content":{"rendered":"<p><div class=\"fusion-fullwidth fullwidth-box fusion-builder-row-1 nonhundred-percent-fullwidth non-hundred-percent-height-scrolling\" style=\"--awb-border-radius-top-left:0px;--awb-border-radius-top-right:0px;--awb-border-radius-bottom-right:0px;--awb-border-radius-bottom-left:0px;--awb-padding-top:30px;--awb-padding-bottom:2px;--awb-flex-wrap:wrap;\" ><div class=\"fusion-builder-row fusion-row\"><div class=\"fusion-layout-column fusion_builder_column fusion-builder-column-0 fusion_builder_column_1_5 1_5 fusion-one-fifth fusion-column-first fusion-no-small-visibility\" style=\"--awb-padding-top:5px;--awb-padding-bottom:5px;--awb-padding-left:16%;--awb-bg-size:cover;--awb-margin-bottom:0px;width:20%;width:calc(20% - ( ( 4% + 4% ) * 0.2 ) );margin-right: 4%;\"><div class=\"fusion-column-wrapper fusion-flex-column-wrapper-legacy\"><div class=\"fusion-text fusion-text-1\"><p>DME LUXURY CAR RENTAL<\/p>\n<\/div><div class=\"fusion-title title fusion-title-1 fusion-sep-none fusion-title-text fusion-title-size-two\" style=\"--awb-margin-top:-26px;\"><h2 class=\"fusion-title-heading title-heading-left fusion-responsive-typography-calculated\" style=\"margin:0;--fontSize:37;line-height:1.25;\"><span style=\"color: #333333; font-size: 43px;\">Reservas<\/span><\/h2><\/div><div class=\"fusion-clearfix\"><\/div><\/div><\/div><div class=\"fusion-layout-column fusion_builder_column fusion-builder-column-1 fusion_builder_column_3_5 3_5 fusion-three-fifth\" style=\"--awb-padding-right:6%;--awb-padding-left:6%;--awb-bg-size:cover;--awb-margin-top:-6px;--awb-margin-bottom:0px;width:60%;width:calc(60% - ( ( 4% + 4% ) * 0.6 ) );margin-right: 4%;\"><div class=\"fusion-column-wrapper fusion-flex-column-wrapper-legacy\"><div class=\"fusion-sep-clear\"><\/div><div class=\"fusion-separator fusion-no-small-visibility fusion-full-width-sep\" style=\"margin-left: auto;margin-right: auto;margin-top:5px;width:100%;\"><\/div><div class=\"fusion-sep-clear\"><\/div><div class=\"fusion-title title fusion-title-2 fusion-no-small-visibility fusion-sep-none fusion-title-text fusion-title-size-two\" style=\"--awb-margin-bottom:0px;\"><h2 class=\"fusion-title-heading title-heading-left fusion-responsive-typography-calculated\" style=\"margin:0;--fontSize:37;line-height:1.25;\"><span style=\"color: #333333; font-size: 37px;\">\u00bfPor qu\u00e9 esperar? Conduce el coche de tus sue\u00f1os hoy<\/span><\/h2><\/div><div class=\"fusion-title title fusion-title-3 fusion-sep-none fusion-title-text fusion-title-size-one titols-invertits\" style=\"--awb-margin-top:-4px;--awb-margin-bottom:0px;\"><h1 class=\"fusion-title-heading title-heading-left fusion-responsive-typography-calculated\" style=\"margin:0;--fontSize:43;line-height:1.15;\">Reserva el superdeportivo que quieras en Barcelona<\/h1><\/div><div class=\"fusion-sep-clear\"><\/div><div class=\"fusion-separator fusion-no-small-visibility fusion-full-width-sep\" style=\"margin-left: auto;margin-right: auto;margin-top:20px;width:100%;\"><\/div><div class=\"fusion-sep-clear\"><\/div><div class=\"fusion-clearfix\"><\/div><\/div><\/div><div class=\"fusion-layout-column fusion_builder_column fusion-builder-column-2 fusion_builder_column_1_5 1_5 fusion-one-fifth fusion-column-last fusion-no-small-visibility\" style=\"--awb-padding-top:18px;--awb-bg-size:cover;width:20%;width:calc(20% - ( ( 4% + 4% ) * 0.2 ) );\"><div class=\"fusion-column-wrapper fusion-flex-column-wrapper-legacy\"><div class=\"fusion-button-wrapper\"><a class=\"fusion-button button-flat fusion-button-default-size button-default fusion-button-default button-1 fusion-button-default-span fusion-button-default-type\" target=\"_self\" href=\"https:\/\/www.dmeluxurycarrental.com\/es\/flota-coches-lujo\/\"><span class=\"fusion-button-text\">VER FLOTA<\/span><\/a><\/div><div class=\"fusion-clearfix\"><\/div><\/div><\/div><\/div><\/div><div class=\"fusion-fullwidth fullwidth-box fusion-builder-row-2 nonhundred-percent-fullwidth non-hundred-percent-height-scrolling\" style=\"--awb-border-radius-top-left:0px;--awb-border-radius-top-right:0px;--awb-border-radius-bottom-right:0px;--awb-border-radius-bottom-left:0px;--awb-padding-top:0px;--awb-padding-right:0px;--awb-padding-left:0px;--awb-background-color:rgba(255,255,255,0);--awb-flex-wrap:wrap;\" ><div class=\"fusion-builder-row fusion-row\"><div class=\"fusion-layout-column fusion_builder_column fusion-builder-column-3 fusion_builder_column_1_1 1_1 fusion-one-full fusion-column-first fusion-column-last\" style=\"--awb-padding-right:0px;--awb-padding-left:0px;--awb-bg-size:cover;--awb-margin-bottom:0px;\"><div class=\"fusion-column-wrapper fusion-flex-column-wrapper-legacy\"><div class=\"fusion-column-content-centered\"><div class=\"fusion-column-content\"><div class=\"fusion-image-element fusion-image-align-center in-legacy-container\" style=\"text-align:center;--awb-caption-title-font-family:var(--h2_typography-font-family);--awb-caption-title-font-weight:var(--h2_typography-font-weight);--awb-caption-title-font-style:var(--h2_typography-font-style);--awb-caption-title-size:var(--h2_typography-font-size);--awb-caption-title-transform:var(--h2_typography-text-transform);--awb-caption-title-line-height:var(--h2_typography-line-height);--awb-caption-title-letter-spacing:var(--h2_typography-letter-spacing);\"><div class=\"imageframe-align-center\"><span class=\" fusion-imageframe imageframe-none imageframe-1 hover-type-none ampliar-height-fotos-mobil\"><img decoding=\"async\" width=\"1200\" height=\"347\" alt=\"Alquila un superdeportivo en Barcelona.\" title=\"Supercar rentals in Barcelona, exotic cars, luxury cars\" src=\"https:\/\/www.dmeluxurycarrental.com\/wp-content\/uploads\/2018\/02\/supercar-rentals-barcelona-5-1.jpg\" class=\"img-responsive wp-image-573\" srcset=\"https:\/\/www.dmeluxurycarrental.com\/wp-content\/uploads\/2018\/02\/supercar-rentals-barcelona-5-1-200x58.jpg 200w, https:\/\/www.dmeluxurycarrental.com\/wp-content\/uploads\/2018\/02\/supercar-rentals-barcelona-5-1-400x116.jpg 400w, https:\/\/www.dmeluxurycarrental.com\/wp-content\/uploads\/2018\/02\/supercar-rentals-barcelona-5-1-600x173.jpg 600w, https:\/\/www.dmeluxurycarrental.com\/wp-content\/uploads\/2018\/02\/supercar-rentals-barcelona-5-1-800x231.jpg 800w, https:\/\/www.dmeluxurycarrental.com\/wp-content\/uploads\/2018\/02\/supercar-rentals-barcelona-5-1.jpg 1200w\" sizes=\"(max-width: 1091px) 100vw, 1200px\" \/><\/span><\/div><\/div><\/div><\/div><div class=\"fusion-clearfix\"><\/div><\/div><\/div><\/div><\/div><div class=\"fusion-fullwidth fullwidth-box fusion-builder-row-3 nonhundred-percent-fullwidth non-hundred-percent-height-scrolling\" style=\"--awb-border-radius-top-left:0px;--awb-border-radius-top-right:0px;--awb-border-radius-bottom-right:0px;--awb-border-radius-bottom-left:0px;--awb-padding-top:0px;--awb-padding-right:0px;--awb-padding-bottom:0px;--awb-padding-left:0px;--awb-margin-bottom:0px;--awb-flex-wrap:wrap;\" ><div class=\"fusion-builder-row fusion-row\"><div class=\"fusion-layout-column fusion_builder_column fusion-builder-column-4 fusion_builder_column_1_3 1_3 fusion-one-third fusion-column-first fusion-no-small-visibility\" style=\"--awb-padding-top:35px;--awb-padding-right:15%;--awb-padding-left:15%;--awb-bg-size:cover;width:33.333333333333%;width:calc(33.333333333333% - ( ( 0 ) * 0.33333333333333 ) );margin-right: 0px;\"><div class=\"fusion-column-wrapper fusion-flex-column-wrapper-legacy\"><div class=\"fusion-title title fusion-title-4 fusion-sep-none fusion-title-center fusion-title-text fusion-title-size-two\" style=\"--awb-margin-top:40px;\"><h2 class=\"fusion-title-heading title-heading-center fusion-responsive-typography-calculated\" style=\"margin:0;--fontSize:37;line-height:1.25;\"><span style=\"color: #333333;\">Conduce en tres sencillos pasos:<\/span><\/h2><\/div><div class=\"fusion-sep-clear\"><\/div><div class=\"fusion-separator fusion-full-width-sep\" style=\"margin-left: auto;margin-right: auto;margin-top:23px;width:100%;\"><div class=\"fusion-separator-border sep-double\" style=\"--awb-height:20px;--awb-amount:20px;border-color:#e0dede;border-top-width:0px;border-bottom-width:0px;\"><\/div><\/div><div class=\"fusion-sep-clear\"><\/div><div class=\"fusion-content-boxes content-boxes columns row fusion-columns-3 fusion-columns-total-3 fusion-content-boxes-1 content-boxes-icon-on-top content-left\" style=\"--awb-body-color:#2d2d2d;--awb-title-color:#8c8c8c;--awb-margin-bottom:0px;--awb-hover-accent-color:#b28e79;--awb-circle-hover-accent-color:transparent;\" data-animationOffset=\"top-into-view\"><div style=\"--awb-backgroundcolor:rgba(255,255,255,0);\" class=\"fusion-column content-box-column content-box-column content-box-column-1 col-lg-4 col-md-4 col-sm-4 fusion-content-box-hover content-box-column-first-in-row\"><div class=\"col content-box-wrapper content-wrapper link-area-link-icon icon-hover-animation-none\" data-animationOffset=\"top-into-view\"><div class=\"heading heading-with-icon icon-left\"><div aria-hidden=\"true\" class=\"image\"><img decoding=\"async\" src=\"https:\/\/www.dmeluxurycarrental.com\/wp-content\/uploads\/2018\/02\/select-your-car.png\" width=\"80\" height=\"79\" alt=\"Select your car\" \/><\/div><h2 class=\"content-box-heading fusion-responsive-typography-calculated\" style=\"--h2_typography-font-size:21px;--fontSize:21;line-height:1.25;\">ELIGE TU COCHE<\/h2><\/div><\/div><\/div><div style=\"--awb-backgroundcolor:rgba(255,255,255,0);\" class=\"fusion-column content-box-column content-box-column content-box-column-2 col-lg-4 col-md-4 col-sm-4 fusion-content-box-hover \"><div class=\"col content-box-wrapper content-wrapper link-area-link-icon icon-hover-animation-none\" data-animationOffset=\"top-into-view\"><div class=\"heading heading-with-icon icon-left\"><div aria-hidden=\"true\" class=\"image\"><img decoding=\"async\" src=\"https:\/\/www.dmeluxurycarrental.com\/wp-content\/uploads\/2018\/02\/select-hour-day.png\" width=\"80\" height=\"79\" alt=\"Select day of rental\" \/><\/div><h2 class=\"content-box-heading fusion-responsive-typography-calculated\" style=\"--h2_typography-font-size:21px;--fontSize:21;line-height:1.25;\">ELIGE FECHA<\/h2><\/div><\/div><\/div><div style=\"--awb-backgroundcolor:rgba(255,255,255,0);\" class=\"fusion-column content-box-column content-box-column content-box-column-3 col-lg-4 col-md-4 col-sm-4 fusion-content-box-hover content-box-column-last content-box-column-last-in-row\"><div class=\"col content-box-wrapper content-wrapper link-area-link-icon icon-hover-animation-none\" data-animationOffset=\"top-into-view\"><div class=\"heading heading-with-icon icon-left\"><div aria-hidden=\"true\" class=\"image\"><img decoding=\"async\" src=\"https:\/\/www.dmeluxurycarrental.com\/wp-content\/uploads\/2018\/02\/enjoy-driving.png\" width=\"80\" height=\"79\" alt=\"Reserve and drive a supercar\" \/><\/div><h2 class=\"content-box-heading fusion-responsive-typography-calculated\" style=\"--h2_typography-font-size:21px;--fontSize:21;line-height:1.25;\">RESERVA &amp; CONDUCE<\/h2><\/div><\/div><\/div><div class=\"fusion-clearfix\"><\/div><\/div><div class=\"fusion-builder-row fusion-builder-row-inner fusion-row\"><div class=\"fusion-layout-column fusion_builder_column_inner fusion-builder-nested-column-0 fusion_builder_column_inner_1_5 1_5 fusion-one-fifth fusion-column-first\" style=\"--awb-bg-size:cover;width:20%;width:calc(20% - ( ( 4% + 4% ) * 0.2 ) );margin-right: 4%;\"><div class=\"fusion-column-wrapper fusion-flex-column-wrapper-legacy\"><div class=\"fusion-clearfix\"><\/div><\/div><\/div><div class=\"fusion-layout-column fusion_builder_column_inner fusion-builder-nested-column-1 fusion_builder_column_inner_3_5 3_5 fusion-three-fifth\" style=\"--awb-bg-size:cover;width:60%;width:calc(60% - ( ( 4% + 4% ) * 0.6 ) );margin-right: 4%;\"><div class=\"fusion-column-wrapper fusion-flex-column-wrapper-legacy\"><div class=\"fusion-align-block\"><a class=\"fusion-button button-flat fusion-button-default-size button-default fusion-button-default button-2 fusion-button-span-yes fusion-button-default-type\" target=\"_self\" href=\"https:\/\/www.dmeluxurycarrental.com\/es\/alquiler-superdeportivos-barcelona\/\"><span class=\"fusion-button-text\">START<\/span><\/a><\/div><div class=\"fusion-clearfix\"><\/div><\/div><\/div><div class=\"fusion-layout-column fusion_builder_column_inner fusion-builder-nested-column-2 fusion_builder_column_inner_1_5 1_5 fusion-one-fifth fusion-column-last\" style=\"--awb-bg-size:cover;width:20%;width:calc(20% - ( ( 4% + 4% ) * 0.2 ) );\"><div class=\"fusion-column-wrapper fusion-flex-column-wrapper-legacy\"><div class=\"fusion-clearfix\"><\/div><\/div><\/div><\/div><div class=\"fusion-clearfix\"><\/div><\/div><\/div><div class=\"fusion-layout-column fusion_builder_column fusion-builder-column-5 fusion_builder_column_2_3 2_3 fusion-two-third fusion-column-last\" style=\"--awb-padding-top:15px;--awb-padding-right:6%;--awb-padding-bottom:65px;--awb-padding-left:6%;--awb-bg-color:#f2f2f2;--awb-bg-color-hover:#f2f2f2;--awb-bg-size:cover;--awb-margin-bottom:0px;width:66.666666666667%;width:calc(66.666666666667% - ( ( 0 ) * 0.66666666666667 ) );\"><div class=\"fusion-column-wrapper fusion-flex-column-wrapper-legacy\"><div class=\"fusion-sep-clear\"><\/div><div class=\"fusion-separator fusion-no-medium-visibility fusion-no-large-visibility fusion-full-width-sep\" style=\"margin-left: auto;margin-right: auto;margin-top:20px;width:100%;\"><\/div><div class=\"fusion-sep-clear\"><\/div><div class=\"fusion-title title fusion-title-5 fusion-sep-none fusion-title-text fusion-title-size-two\" style=\"--awb-margin-top:40px;\"><h2 class=\"fusion-title-heading title-heading-left fusion-responsive-typography-calculated\" style=\"margin:0;--fontSize:37;line-height:1.25;\"><span style=\"color: #333333;\">Reservas por Horas \/ D\u00edas \/ Semanas<\/span><\/h2><\/div><div class=\"fusion-text fusion-text-2\"><p>Disfruta de la verdadera libertad. Alquila uno de los mejores automoviles de lujo del mundo durante una semana y disfr\u00fatalo al m\u00e1ximo. Nuestros alquileres semanales son la mejor forma de experimentar al m\u00e1ximo la sensaci\u00f3n de conducir un superdeportivo de lujo.<\/p>\n<\/div><div class=\"fusion-sep-clear\"><\/div><div class=\"fusion-separator fusion-clearfix\" style=\"float:left;margin-top:20px;margin-bottom:35px;width:100%;max-width:16%;\"><div class=\"fusion-separator-border sep-single sep-solid\" style=\"--awb-height:20px;--awb-amount:20px;--awb-sep-color:#5e5959;border-color:#5e5959;border-top-width:2px;\"><\/div><\/div><div class=\"fusion-sep-clear\"><\/div><div class=\"fusion-title title fusion-title-6 fusion-sep-none fusion-title-text fusion-title-size-two\" style=\"--awb-margin-top:40px;\"><h2 class=\"fusion-title-heading title-heading-left fusion-responsive-typography-calculated\" style=\"margin:0;--fontSize:37;line-height:1.25;\"><span style=\"color: #333333;\">Alquiler Nocturno<\/span><\/h2><\/div><div class=\"fusion-text fusion-text-3\"><p style=\"text-align: left;\">Nuestro servicio no se detiene cuando se pone el sol. \u00bfNecesitas un coche ex\u00f3tico despu\u00e9s del anochecer? Estamos disponibles las 24 horas del d\u00eda. Nuestros servicios de alquileres nocturno hace que sea f\u00e1cil obtener el superdeportivo de lujo que desee, cuando lo desee.<\/p>\n<\/div><div class=\"fusion-sep-clear\"><\/div><div class=\"fusion-separator fusion-full-width-sep\" style=\"margin-left: auto;margin-right: auto;margin-top:15px;width:100%;\"><\/div><div class=\"fusion-sep-clear\"><\/div><div class=\"fusion-builder-row fusion-builder-row-inner fusion-row\"><div class=\"fusion-layout-column fusion_builder_column_inner fusion-builder-nested-column-3 fusion_builder_column_inner_1_4 1_4 fusion-one-fourth fusion-column-first\" style=\"--awb-bg-size:cover;width:25%;width:calc(25% - ( ( 4% ) * 0.25 ) );margin-right: 4%;\"><div class=\"fusion-column-wrapper fusion-flex-column-wrapper-legacy\"><div class=\"fusion-align-block\"><a class=\"fusion-button button-flat fusion-button-default-size button-default fusion-button-default button-3 fusion-button-span-yes fusion-button-default-type\" target=\"_self\" href=\"https:\/\/www.dmeluxurycarrental.com\/es\/flota-coches-lujo\/\"><span class=\"fusion-button-text\">RESERVAR<\/span><\/a><\/div><div class=\"fusion-clearfix\"><\/div><\/div><\/div><div class=\"fusion-layout-column fusion_builder_column_inner fusion-builder-nested-column-4 fusion_builder_column_inner_1_4 1_4 fusion-one-fourth fusion-column-last\" style=\"--awb-bg-size:cover;width:25%;width:calc(25% - ( ( 4% ) * 0.25 ) );\"><div class=\"fusion-column-wrapper fusion-flex-column-wrapper-legacy\"><div class=\"fusion-align-block\"><a class=\"fusion-button button-flat fusion-button-default-size button-default fusion-button-default button-4 fusion-button-span-yes fusion-button-default-type\" target=\"_self\" href=\"https:\/\/www.dmeluxurycarrental.com\/es\/contactar\/\"><span class=\"fusion-button-text\">CONTACTAR<\/span><\/a><\/div><div class=\"fusion-clearfix\"><\/div><\/div><\/div><\/div><div class=\"fusion-clearfix\"><\/div><\/div><\/div><\/div><\/div><\/p>\n","protected":false},"excerpt":{"rendered":"","protected":false},"author":1,"featured_media":0,"parent":0,"menu_order":0,"comment_status":"closed","ping_status":"closed","template":"","meta":{"footnotes":""},"class_list":["post-854","page","type-page","status-publish","hentry"],"yoast_head":"<!-- This site is optimized with the Yoast SEO plugin v23.5 - https:\/\/yoast.com\/wordpress\/plugins\/seo\/ -->\n<title>Alquila un superdeportivo en Barcelona - DME Luxury Cars Rental<\/title>\n<meta name=\"description\" content=\"Alquila un superdeportivo en Barcelona a partir de 2 horas. Alquiler por horas, d\u00edas o nocturno y muchos m\u00e1s servicios desde 257 euros. \u00a1Reserva online!\" \/>\n<meta name=\"robots\" content=\"index, follow, max-snippet:-1, max-image-preview:large, max-video-preview:-1\" \/>\n<link rel=\"canonical\" href=\"https:\/\/www.dmeluxurycarrental.com\/es\/alquiler-superdeportivos-barcelona\/\" \/>\n<meta property=\"og:locale\" content=\"es_ES\" \/>\n<meta property=\"og:type\" content=\"article\" \/>\n<meta property=\"og:title\" content=\"Alquila un superdeportivo en Barcelona - DME Luxury Cars Rental\" \/>\n<meta property=\"og:description\" content=\"Alquila un superdeportivo en Barcelona a partir de 2 horas. Alquiler por horas, d\u00edas o nocturno y muchos m\u00e1s servicios desde 257 euros. \u00a1Reserva online!\" \/>\n<meta property=\"og:url\" content=\"https:\/\/www.dmeluxurycarrental.com\/es\/alquiler-superdeportivos-barcelona\/\" \/>\n<meta property=\"og:site_name\" content=\"DME Luxury Car Rental\" \/>\n<meta property=\"article:modified_time\" content=\"2023-02-19T16:10:28+00:00\" \/>\n<meta name=\"twitter:card\" content=\"summary_large_image\" \/>\n<meta name=\"twitter:label1\" content=\"Tiempo de lectura\" \/>\n\t<meta name=\"twitter:data1\" content=\"5 minutos\" \/>\n<script type=\"application\/ld+json\" class=\"yoast-schema-graph\">{\"@context\":\"https:\/\/schema.org\",\"@graph\":[{\"@type\":\"WebPage\",\"@id\":\"https:\/\/www.dmeluxurycarrental.com\/es\/alquiler-superdeportivos-barcelona\/\",\"url\":\"https:\/\/www.dmeluxurycarrental.com\/es\/alquiler-superdeportivos-barcelona\/\",\"name\":\"Alquila un superdeportivo en Barcelona - DME Luxury Cars Rental\",\"isPartOf\":{\"@id\":\"https:\/\/www.dmeluxurycarrental.com\/es\/#website\"},\"datePublished\":\"2018-01-30T16:09:00+00:00\",\"dateModified\":\"2023-02-19T16:10:28+00:00\",\"description\":\"Alquila un superdeportivo en Barcelona a partir de 2 horas. Alquiler por horas, d\u00edas o nocturno y muchos m\u00e1s servicios desde 257 euros. \u00a1Reserva online!\",\"breadcrumb\":{\"@id\":\"https:\/\/www.dmeluxurycarrental.com\/es\/alquiler-superdeportivos-barcelona\/#breadcrumb\"},\"inLanguage\":\"es\",\"potentialAction\":[{\"@type\":\"ReadAction\",\"target\":[\"https:\/\/www.dmeluxurycarrental.com\/es\/alquiler-superdeportivos-barcelona\/\"]}]},{\"@type\":\"BreadcrumbList\",\"@id\":\"https:\/\/www.dmeluxurycarrental.com\/es\/alquiler-superdeportivos-barcelona\/#breadcrumb\",\"itemListElement\":[{\"@type\":\"ListItem\",\"position\":1,\"name\":\"Home\",\"item\":\"https:\/\/www.dmeluxurycarrental.com\/es\/\"},{\"@type\":\"ListItem\",\"position\":2,\"name\":\"Conducir\"}]},{\"@type\":\"WebSite\",\"@id\":\"https:\/\/www.dmeluxurycarrental.com\/es\/#website\",\"url\":\"https:\/\/www.dmeluxurycarrental.com\/es\/\",\"name\":\"DME Luxury Car Rental\",\"description\":\"Luxury car rental in Barcelona\",\"publisher\":{\"@id\":\"https:\/\/www.dmeluxurycarrental.com\/es\/#organization\"},\"potentialAction\":[{\"@type\":\"SearchAction\",\"target\":{\"@type\":\"EntryPoint\",\"urlTemplate\":\"https:\/\/www.dmeluxurycarrental.com\/es\/?s={search_term_string}\"},\"query-input\":{\"@type\":\"PropertyValueSpecification\",\"valueRequired\":true,\"valueName\":\"search_term_string\"}}],\"inLanguage\":\"es\"},{\"@type\":\"Organization\",\"@id\":\"https:\/\/www.dmeluxurycarrental.com\/es\/#organization\",\"name\":\"DME Luxury Car Rental\",\"url\":\"https:\/\/www.dmeluxurycarrental.com\/es\/\",\"logo\":{\"@type\":\"ImageObject\",\"inLanguage\":\"es\",\"@id\":\"https:\/\/www.dmeluxurycarrental.com\/es\/#\/schema\/logo\/image\/\",\"url\":\"https:\/\/www.dmeluxurycarrental.com\/wp-content\/uploads\/2018\/02\/dme-luxury-car-rental-1.png\",\"contentUrl\":\"https:\/\/www.dmeluxurycarrental.com\/wp-content\/uploads\/2018\/02\/dme-luxury-car-rental-1.png\",\"width\":306,\"height\":77,\"caption\":\"DME Luxury Car Rental\"},\"image\":{\"@id\":\"https:\/\/www.dmeluxurycarrental.com\/es\/#\/schema\/logo\/image\/\"}}]}<\/script>\n<!-- \/ Yoast SEO plugin. -->","yoast_head_json":{"title":"Alquila un superdeportivo en Barcelona - DME Luxury Cars Rental","description":"Alquila un superdeportivo en Barcelona a partir de 2 horas. Alquiler por horas, d\u00edas o nocturno y muchos m\u00e1s servicios desde 257 euros. \u00a1Reserva online!","robots":{"index":"index","follow":"follow","max-snippet":"max-snippet:-1","max-image-preview":"max-image-preview:large","max-video-preview":"max-video-preview:-1"},"canonical":"https:\/\/www.dmeluxurycarrental.com\/es\/alquiler-superdeportivos-barcelona\/","og_locale":"es_ES","og_type":"article","og_title":"Alquila un superdeportivo en Barcelona - DME Luxury Cars Rental","og_description":"Alquila un superdeportivo en Barcelona a partir de 2 horas. Alquiler por horas, d\u00edas o nocturno y muchos m\u00e1s servicios desde 257 euros. \u00a1Reserva online!","og_url":"https:\/\/www.dmeluxurycarrental.com\/es\/alquiler-superdeportivos-barcelona\/","og_site_name":"DME Luxury Car Rental","article_modified_time":"2023-02-19T16:10:28+00:00","twitter_card":"summary_large_image","twitter_misc":{"Tiempo de lectura":"5 minutos"},"schema":{"@context":"https:\/\/schema.org","@graph":[{"@type":"WebPage","@id":"https:\/\/www.dmeluxurycarrental.com\/es\/alquiler-superdeportivos-barcelona\/","url":"https:\/\/www.dmeluxurycarrental.com\/es\/alquiler-superdeportivos-barcelona\/","name":"Alquila un superdeportivo en Barcelona - DME Luxury Cars Rental","isPartOf":{"@id":"https:\/\/www.dmeluxurycarrental.com\/es\/#website"},"datePublished":"2018-01-30T16:09:00+00:00","dateModified":"2023-02-19T16:10:28+00:00","description":"Alquila un superdeportivo en Barcelona a partir de 2 horas. Alquiler por horas, d\u00edas o nocturno y muchos m\u00e1s servicios desde 257 euros. \u00a1Reserva online!","breadcrumb":{"@id":"https:\/\/www.dmeluxurycarrental.com\/es\/alquiler-superdeportivos-barcelona\/#breadcrumb"},"inLanguage":"es","potentialAction":[{"@type":"ReadAction","target":["https:\/\/www.dmeluxurycarrental.com\/es\/alquiler-superdeportivos-barcelona\/"]}]},{"@type":"BreadcrumbList","@id":"https:\/\/www.dmeluxurycarrental.com\/es\/alquiler-superdeportivos-barcelona\/#breadcrumb","itemListElement":[{"@type":"ListItem","position":1,"name":"Home","item":"https:\/\/www.dmeluxurycarrental.com\/es\/"},{"@type":"ListItem","position":2,"name":"Conducir"}]},{"@type":"WebSite","@id":"https:\/\/www.dmeluxurycarrental.com\/es\/#website","url":"https:\/\/www.dmeluxurycarrental.com\/es\/","name":"DME Luxury Car Rental","description":"Luxury car rental in Barcelona","publisher":{"@id":"https:\/\/www.dmeluxurycarrental.com\/es\/#organization"},"potentialAction":[{"@type":"SearchAction","target":{"@type":"EntryPoint","urlTemplate":"https:\/\/www.dmeluxurycarrental.com\/es\/?s={search_term_string}"},"query-input":{"@type":"PropertyValueSpecification","valueRequired":true,"valueName":"search_term_string"}}],"inLanguage":"es"},{"@type":"Organization","@id":"https:\/\/www.dmeluxurycarrental.com\/es\/#organization","name":"DME Luxury Car Rental","url":"https:\/\/www.dmeluxurycarrental.com\/es\/","logo":{"@type":"ImageObject","inLanguage":"es","@id":"https:\/\/www.dmeluxurycarrental.com\/es\/#\/schema\/logo\/image\/","url":"https:\/\/www.dmeluxurycarrental.com\/wp-content\/uploads\/2018\/02\/dme-luxury-car-rental-1.png","contentUrl":"https:\/\/www.dmeluxurycarrental.com\/wp-content\/uploads\/2018\/02\/dme-luxury-car-rental-1.png","width":306,"height":77,"caption":"DME Luxury Car Rental"},"image":{"@id":"https:\/\/www.dmeluxurycarrental.com\/es\/#\/schema\/logo\/image\/"}}]}},"_links":{"self":[{"href":"https:\/\/www.dmeluxurycarrental.com\/es\/wp-json\/wp\/v2\/pages\/854"}],"collection":[{"href":"https:\/\/www.dmeluxurycarrental.com\/es\/wp-json\/wp\/v2\/pages"}],"about":[{"href":"https:\/\/www.dmeluxurycarrental.com\/es\/wp-json\/wp\/v2\/types\/page"}],"author":[{"embeddable":true,"href":"https:\/\/www.dmeluxurycarrental.com\/es\/wp-json\/wp\/v2\/users\/1"}],"replies":[{"embeddable":true,"href":"https:\/\/www.dmeluxurycarrental.com\/es\/wp-json\/wp\/v2\/comments?post=854"}],"version-history":[{"count":0,"href":"https:\/\/www.dmeluxurycarrental.com\/es\/wp-json\/wp\/v2\/pages\/854\/revisions"}],"wp:attachment":[{"href":"https:\/\/www.dmeluxurycarrental.com\/es\/wp-json\/wp\/v2\/media?parent=854"}],"curies":[{"name":"wp","href":"https:\/\/api.w.org\/{rel}","templated":true}]}}