{"id":843,"date":"2018-01-29T19:05:03","date_gmt":"2018-01-29T19:05:03","guid":{"rendered":"http:\/\/www.dmeluxurycarrental.com\/dme-gt-club-supercars\/"},"modified":"2018-10-17T11:53:09","modified_gmt":"2018-10-17T09:53:09","slug":"dme-gt-club-superdeportivos","status":"publish","type":"page","link":"https:\/\/www.dmeluxurycarrental.com\/es\/dme-gt-club-superdeportivos\/","title":{"rendered":"DME GT CLUB"},"content":{"rendered":"<p><div class=\"fusion-fullwidth fullwidth-box fusion-builder-row-1 nonhundred-percent-fullwidth non-hundred-percent-height-scrolling fusion-equal-height-columns\" style=\"--awb-border-radius-top-left:0px;--awb-border-radius-top-right:0px;--awb-border-radius-bottom-right:0px;--awb-border-radius-bottom-left:0px;--awb-padding-top:10px;--awb-padding-left:0px;--awb-margin-top:0px;--awb-margin-bottom:0px;--awb-background-color:#000000;--awb-flex-wrap:wrap;\" ><div class=\"fusion-builder-row fusion-row\"><div class=\"fusion-layout-column fusion_builder_column fusion-builder-column-0 fusion_builder_column_1_2 1_2 fusion-one-half fusion-column-first fusion-no-small-visibility fusion-no-medium-visibility\" style=\"--awb-padding-top:0px;--awb-padding-bottom:0px;--awb-bg-position:left bottom;--awb-bg-size:cover;--awb-margin-bottom:0px;width:50%;width:calc(50% - ( ( 2% ) * 0.5 ) );margin-right: 2%;\"><div class=\"fusion-column-wrapper fusion-flex-column-wrapper-legacy\"><div class=\"fusion-image-element in-legacy-container\" style=\"--awb-caption-title-font-family:var(--h2_typography-font-family);--awb-caption-title-font-weight:var(--h2_typography-font-weight);--awb-caption-title-font-style:var(--h2_typography-font-style);--awb-caption-title-size:var(--h2_typography-font-size);--awb-caption-title-transform:var(--h2_typography-text-transform);--awb-caption-title-line-height:var(--h2_typography-line-height);--awb-caption-title-letter-spacing:var(--h2_typography-letter-spacing);\"><span class=\" fusion-imageframe imageframe-none imageframe-1 hover-type-none imgs-gt-club-seient-vermell\"><img decoding=\"async\" width=\"1024\" height=\"587\" alt=\"DME GT CLUB\" src=\"https:\/\/www.dmeluxurycarrental.com\/wp-content\/uploads\/2017\/10\/luxury-car-rentals-barcelona-4-1024x587.jpg\" class=\"img-responsive wp-image-5\" srcset=\"https:\/\/www.dmeluxurycarrental.com\/wp-content\/uploads\/2017\/10\/luxury-car-rentals-barcelona-4-200x115.jpg 200w, https:\/\/www.dmeluxurycarrental.com\/wp-content\/uploads\/2017\/10\/luxury-car-rentals-barcelona-4-400x229.jpg 400w, https:\/\/www.dmeluxurycarrental.com\/wp-content\/uploads\/2017\/10\/luxury-car-rentals-barcelona-4-600x344.jpg 600w, https:\/\/www.dmeluxurycarrental.com\/wp-content\/uploads\/2017\/10\/luxury-car-rentals-barcelona-4-800x458.jpg 800w, https:\/\/www.dmeluxurycarrental.com\/wp-content\/uploads\/2017\/10\/luxury-car-rentals-barcelona-4-1200x687.jpg 1200w, https:\/\/www.dmeluxurycarrental.com\/wp-content\/uploads\/2017\/10\/luxury-car-rentals-barcelona-4.jpg 1571w\" sizes=\"(max-width: 1091px) 100vw, 1200px\" \/><\/span><\/div><div class=\"fusion-clearfix\"><\/div><\/div><\/div><div class=\"fusion-layout-column fusion_builder_column fusion-builder-column-1 fusion_builder_column_2_5 2_5 fusion-two-fifth fusion-column-last\" style=\"--awb-padding-right:6%;--awb-padding-left:6%;--awb-bg-size:cover;--awb-margin-bottom:0px;width:40%;width:calc(40% - ( ( 2% ) * 0.4 ) );\"><div class=\"fusion-column-wrapper fusion-flex-column-wrapper-legacy\"><div class=\"fusion-sep-clear\"><\/div><div class=\"fusion-separator fusion-no-small-visibility fusion-full-width-sep\" style=\"margin-left: auto;margin-right: auto;margin-top:36%;width:100%;\"><\/div><div class=\"fusion-sep-clear\"><\/div><div class=\"fusion-image-element fusion-image-align-left fusion-no-small-visibility fusion-no-medium-visibility in-legacy-container\" style=\"text-align:left;--awb-caption-title-font-family:var(--h2_typography-font-family);--awb-caption-title-font-weight:var(--h2_typography-font-weight);--awb-caption-title-font-style:var(--h2_typography-font-style);--awb-caption-title-size:var(--h2_typography-font-size);--awb-caption-title-transform:var(--h2_typography-text-transform);--awb-caption-title-line-height:var(--h2_typography-line-height);--awb-caption-title-letter-spacing:var(--h2_typography-letter-spacing);\"><span class=\" fusion-imageframe imageframe-none imageframe-2 hover-type-none\" style=\"margin-right:25px;float:left;\"><img decoding=\"async\" width=\"172\" height=\"77\" alt=\"DME GT Club logo\" title=\"dme-gt-club\" src=\"https:\/\/www.dmeluxurycarrental.com\/wp-content\/uploads\/2017\/10\/dme-gt-club.png\" class=\"img-responsive wp-image-46\"\/><\/span><\/div><div class=\"fusion-sep-clear\"><\/div><div class=\"fusion-separator fusion-full-width-sep\" style=\"margin-left: auto;margin-right: auto;margin-top:20px;width:100%;\"><\/div><div class=\"fusion-sep-clear\"><\/div><div class=\"fusion-title title fusion-title-1 fusion-sep-none fusion-title-text fusion-title-size-one\" style=\"--awb-margin-bottom:20px;\"><h1 class=\"fusion-title-heading title-heading-left fusion-responsive-typography-calculated\" style=\"margin:0;--fontSize:43;line-height:1.15;\"><span style=\"color: #ffffff;\">PERFORMANCE &amp; PLEASURE<\/span><\/h1><\/div><div class=\"fusion-text fusion-text-1\"><p class=\"lletra-mes-clara\" style=\"text-align: left;\">DME GT Club es un club diferente. Nuestros miembros son tratados con exquisitez, cuidando todos los detalles.<\/p>\n<p class=\"lletra-mes-clara\" style=\"text-align: left;\">Somos m\u00e1s que un club de supercoches y su sensaci\u00f3n de velocidad. Somos la emoci\u00f3n y la satisfacci\u00f3n de la velocidad y la vida vivida al m\u00e1ximo.<\/p>\n<\/div><div class=\"fusion-sep-clear\"><\/div><div class=\"fusion-separator fusion-full-width-sep\" style=\"margin-left: auto;margin-right: auto;margin-top:20px;width:100%;\"><\/div><div class=\"fusion-sep-clear\"><\/div><div class=\"fusion-clearfix\"><\/div><\/div><\/div><\/div><\/div><div class=\"fusion-fullwidth fullwidth-box fusion-builder-row-2 nonhundred-percent-fullwidth non-hundred-percent-height-scrolling fusion-no-large-visibility\" style=\"--awb-border-radius-top-left:0px;--awb-border-radius-top-right:0px;--awb-border-radius-bottom-right:0px;--awb-border-radius-bottom-left:0px;--awb-padding-right:0px;--awb-padding-left:0px;--awb-margin-top:-3px;--awb-flex-wrap:wrap;\" ><div class=\"fusion-builder-row fusion-row\"><div class=\"fusion-layout-column fusion_builder_column fusion-builder-column-2 fusion_builder_column_1_1 1_1 fusion-one-full fusion-column-first fusion-column-last\" style=\"--awb-bg-size:cover;--awb-margin-bottom:0px;\"><div class=\"fusion-column-wrapper fusion-flex-column-wrapper-legacy\"><div class=\"fusion-image-element in-legacy-container\" style=\"--awb-caption-title-font-family:var(--h2_typography-font-family);--awb-caption-title-font-weight:var(--h2_typography-font-weight);--awb-caption-title-font-style:var(--h2_typography-font-style);--awb-caption-title-size:var(--h2_typography-font-size);--awb-caption-title-transform:var(--h2_typography-text-transform);--awb-caption-title-line-height:var(--h2_typography-line-height);--awb-caption-title-letter-spacing:var(--h2_typography-letter-spacing);\"><span class=\" fusion-imageframe imageframe-none imageframe-3 hover-type-none\"><img decoding=\"async\" width=\"800\" height=\"634\" alt=\"DME GT Club\" src=\"https:\/\/www.dmeluxurycarrental.com\/wp-content\/uploads\/2017\/10\/luxury-car-rentals-barcelona-2-800x634.jpg\" class=\"img-responsive wp-image-4\" srcset=\"https:\/\/www.dmeluxurycarrental.com\/wp-content\/uploads\/2017\/10\/luxury-car-rentals-barcelona-2-200x158.jpg 200w, https:\/\/www.dmeluxurycarrental.com\/wp-content\/uploads\/2017\/10\/luxury-car-rentals-barcelona-2-400x317.jpg 400w, https:\/\/www.dmeluxurycarrental.com\/wp-content\/uploads\/2017\/10\/luxury-car-rentals-barcelona-2-600x475.jpg 600w, https:\/\/www.dmeluxurycarrental.com\/wp-content\/uploads\/2017\/10\/luxury-car-rentals-barcelona-2-800x634.jpg 800w, https:\/\/www.dmeluxurycarrental.com\/wp-content\/uploads\/2017\/10\/luxury-car-rentals-barcelona-2.jpg 1136w\" sizes=\"(max-width: 1091px) 100vw, 800px\" \/><\/span><\/div><div class=\"fusion-clearfix\"><\/div><\/div><\/div><\/div><\/div><div class=\"fusion-fullwidth fullwidth-box fusion-builder-row-3 nonhundred-percent-fullwidth non-hundred-percent-height-scrolling\" style=\"--awb-border-radius-top-left:0px;--awb-border-radius-top-right:0px;--awb-border-radius-bottom-right:0px;--awb-border-radius-bottom-left:0px;--awb-padding-top:40px;--awb-background-color:#f2f2f2;--awb-flex-wrap:wrap;\" ><div class=\"fusion-builder-row fusion-row\"><div class=\"fusion-layout-column fusion_builder_column fusion-builder-column-3 fusion_builder_column_1_6 1_6 fusion-one-sixth fusion-column-first\" style=\"--awb-bg-size:cover;width:16.666666666667%;width:calc(16.666666666667% - ( ( 4% + 4% ) * 0.16666666666667 ) );margin-right: 4%;\"><div class=\"fusion-column-wrapper fusion-flex-column-wrapper-legacy\"><div class=\"fusion-clearfix\"><\/div><\/div><\/div><div class=\"fusion-layout-column fusion_builder_column fusion-builder-column-4 fusion_builder_column_2_3 2_3 fusion-two-third\" style=\"--awb-padding-right:6%;--awb-padding-left:6%;--awb-bg-size:cover;width:66.666666666667%;width:calc(66.666666666667% - ( ( 4% + 4% ) * 0.66666666666667 ) );margin-right: 4%;\"><div class=\"fusion-column-wrapper fusion-flex-column-wrapper-legacy\"><div class=\"fusion-builder-row fusion-builder-row-inner fusion-row\"><div class=\"fusion-layout-column fusion_builder_column_inner fusion-builder-nested-column-0 fusion_builder_column_inner_1_1 1_1 fusion-one-full fusion-column-first fusion-column-last\" style=\"--awb-bg-size:cover;\"><div class=\"fusion-column-wrapper fusion-flex-column-wrapper-legacy\"><div class=\"fusion-title title fusion-title-2 fusion-sep-none fusion-title-center fusion-title-text fusion-title-size-two\" style=\"--awb-margin-bottom:20px;\"><h2 class=\"fusion-title-heading title-heading-center fusion-responsive-typography-calculated\" style=\"margin:0;--fontSize:37;line-height:1.25;\">\u00danete al DME GT Club y entra en una \u00e9lite exclusiva con:<\/h2><\/div><div class=\"fusion-clearfix\"><\/div><\/div><\/div><\/div><div class=\"fusion-builder-row fusion-builder-row-inner fusion-row\"><div class=\"fusion-layout-column fusion_builder_column_inner fusion-builder-nested-column-1 fusion_builder_column_inner_1_2 1_2 fusion-one-half fusion-column-first\" style=\"--awb-bg-size:cover;width:50%;width:calc(50% - ( ( 4% ) * 0.5 ) );margin-right: 4%;\"><div class=\"fusion-column-wrapper fusion-flex-column-wrapper-legacy\"><ul style=\"--awb-line-height:23.8px;--awb-icon-width:23.8px;--awb-icon-height:23.8px;--awb-icon-margin:9.8px;--awb-content-margin:33.6px;--awb-circlecolor:#b28e79;--awb-circle-yes-font-size:12.32px;\" class=\"fusion-checklist fusion-checklist-1 fusion-checklist-default type-icons\"><li class=\"fusion-li-item\" style=\"\"><span class=\"icon-wrapper circle-yes\"><i class=\"fusion-li-icon awb-icon-check\" aria-hidden=\"true\"><\/i><\/span><div class=\"fusion-li-item-content\">\n<p><span style=\"font-weight: 400;\">Acceso a toda nuestra gama de supercoches y coches de circuito.<\/span><\/p>\n<\/div><\/li><li class=\"fusion-li-item\" style=\"\"><span class=\"icon-wrapper circle-yes\"><i class=\"fusion-li-icon awb-icon-check\" aria-hidden=\"true\"><\/i><\/span><div class=\"fusion-li-item-content\"><span style=\"font-weight: 400;\">Con nuestros <em> GT Tours <\/em>, disfrutar\u00e1s de los mejores eventos de automovilismo de Europa.<\/span><\/div><\/li><li class=\"fusion-li-item\" style=\"\"><span class=\"icon-wrapper circle-yes\"><i class=\"fusion-li-icon awb-icon-check\" aria-hidden=\"true\"><\/i><\/span><div class=\"fusion-li-item-content\">\n<p><span style=\"font-weight: 400;\">Sintiendo los l\u00edmites de nuestros supercoches en Trackdays y Experiencias.<\/span><\/p>\n<\/div><\/li><li class=\"fusion-li-item\" style=\"\"><span class=\"icon-wrapper circle-yes\"><i class=\"fusion-li-icon awb-icon-check\" aria-hidden=\"true\"><\/i><\/span><div class=\"fusion-li-item-content\"><span style=\"font-weight: 400;\"><em>DREICAR, <\/em>nuestro garaje especializado en automoviles de alta gama.<\/span><\/div><\/li><\/ul><div class=\"fusion-clearfix\"><\/div><\/div><\/div><div class=\"fusion-layout-column fusion_builder_column_inner fusion-builder-nested-column-2 fusion_builder_column_inner_1_2 1_2 fusion-one-half fusion-column-last\" style=\"--awb-bg-size:cover;width:50%;width:calc(50% - ( ( 4% ) * 0.5 ) );\"><div class=\"fusion-column-wrapper fusion-flex-column-wrapper-legacy\"><ul style=\"--awb-line-height:23.8px;--awb-icon-width:23.8px;--awb-icon-height:23.8px;--awb-icon-margin:9.8px;--awb-content-margin:33.6px;--awb-circlecolor:#b28e79;--awb-circle-yes-font-size:12.32px;\" class=\"fusion-checklist fusion-checklist-2 fusion-checklist-default type-icons\"><li class=\"fusion-li-item\" style=\"\"><span class=\"icon-wrapper circle-yes\"><i class=\"fusion-li-icon awb-icon-check\" aria-hidden=\"true\"><\/i><\/span><div class=\"fusion-li-item-content\">\n<p><span style=\"font-weight: 400;\">Todos los meses dispondr\u00e1s de <em> GT Sessions <\/em>, el Kit Kat que tanto necesitas para romper la rutina.<\/span><\/p>\n<\/div><\/li><li class=\"fusion-li-item\" style=\"\"><span class=\"icon-wrapper circle-yes\"><i class=\"fusion-li-icon awb-icon-check\" aria-hidden=\"true\"><\/i><\/span><div class=\"fusion-li-item-content\"><span style=\"font-weight: 400;\">Nuestra agenda cultural te permitir\u00e1 disfrutar de un interesante estilo de vida. <\/span><\/div><\/li><li class=\"fusion-li-item\" style=\"\"><span class=\"icon-wrapper circle-yes\"><i class=\"fusion-li-icon awb-icon-check\" aria-hidden=\"true\"><\/i><\/span><div class=\"fusion-li-item-content\"><span style=\"font-weight: 400;\">Aprovecha las ventajas de nuestra sede oficial, el <em> Hotel Sofia Barcelona<\/em>.<\/span><\/div><\/li><\/ul><div class=\"fusion-clearfix\"><\/div><\/div><\/div><\/div><div class=\"fusion-clearfix\"><\/div><\/div><\/div><div class=\"fusion-layout-column fusion_builder_column fusion-builder-column-5 fusion_builder_column_1_6 1_6 fusion-one-sixth fusion-column-last\" style=\"--awb-bg-size:cover;width:16.666666666667%;width:calc(16.666666666667% - ( ( 4% + 4% ) * 0.16666666666667 ) );\"><div class=\"fusion-column-wrapper fusion-flex-column-wrapper-legacy\"><div class=\"fusion-clearfix\"><\/div><\/div><\/div><\/div><\/div><div class=\"fusion-fullwidth fullwidth-box fusion-builder-row-4 nonhundred-percent-fullwidth non-hundred-percent-height-scrolling\" style=\"--awb-border-radius-top-left:0px;--awb-border-radius-top-right:0px;--awb-border-radius-bottom-right:0px;--awb-border-radius-bottom-left:0px;--awb-padding-top:40px;--awb-padding-bottom:10px;--awb-flex-wrap:wrap;\" ><div class=\"fusion-builder-row fusion-row\"><div class=\"fusion-layout-column fusion_builder_column fusion-builder-column-6 fusion_builder_column_1_3 1_3 fusion-one-third fusion-column-first\" style=\"--awb-bg-size:cover;width:33.333333333333%;width:calc(33.333333333333% - ( ( 4% + 4% ) * 0.33333333333333 ) );margin-right: 4%;\"><div class=\"fusion-column-wrapper fusion-flex-column-wrapper-legacy\"><div class=\"fusion-column-content-centered\"><div class=\"fusion-column-content\"><\/div><\/div><div class=\"fusion-clearfix\"><\/div><\/div><\/div><div class=\"fusion-layout-column fusion_builder_column fusion-builder-column-7 fusion_builder_column_1_3 1_3 fusion-one-third\" style=\"--awb-padding-right:6%;--awb-padding-left:6%;--awb-bg-size:cover;width:33.333333333333%;width:calc(33.333333333333% - ( ( 4% + 4% ) * 0.33333333333333 ) );margin-right: 4%;\"><div class=\"fusion-column-wrapper fusion-flex-column-wrapper-legacy\"><div class=\"fusion-column-content-centered\"><div class=\"fusion-column-content\"><div class=\"fusion-align-block\"><a class=\"fusion-button button-flat fusion-button-default-size button-default fusion-button-default button-1 fusion-button-span-yes fusion-button-default-type\" target=\"_blank\" rel=\"noopener noreferrer nofollow\" href=\"http:\/\/www.dmegtclub.com\/\"><span class=\"fusion-button-text\">HAZTE MIEMBRO HOY<\/span><\/a><\/div><\/div><\/div><div class=\"fusion-clearfix\"><\/div><\/div><\/div><div class=\"fusion-layout-column fusion_builder_column fusion-builder-column-8 fusion_builder_column_1_3 1_3 fusion-one-third fusion-column-last\" style=\"--awb-bg-size:cover;width:33.333333333333%;width:calc(33.333333333333% - ( ( 4% + 4% ) * 0.33333333333333 ) );\"><div class=\"fusion-column-wrapper fusion-flex-column-wrapper-legacy\"><div class=\"fusion-column-content-centered\"><div class=\"fusion-column-content\"><\/div><\/div><div class=\"fusion-clearfix\"><\/div><\/div><\/div><\/div><\/div><\/p>\n","protected":false},"excerpt":{"rendered":"","protected":false},"author":1,"featured_media":0,"parent":0,"menu_order":0,"comment_status":"closed","ping_status":"closed","template":"","meta":{"footnotes":""},"class_list":["post-843","page","type-page","status-publish","hentry"],"yoast_head":"<!-- This site is optimized with the Yoast SEO plugin v23.5 - https:\/\/yoast.com\/wordpress\/plugins\/seo\/ -->\n<title>DME GT Club, Supercar Club en Barcelona - DME Luxury Car Rental<\/title>\n<meta name=\"description\" content=\"Somos m\u00e1s que un club de supercoches. Somos la emoci\u00f3n y la satisfacci\u00f3n de la velocidad. Somos la emoci\u00f3n y la satisfacci\u00f3n de la vida vivida al m\u00e1ximo.\" \/>\n<meta name=\"robots\" content=\"index, follow, max-snippet:-1, max-image-preview:large, max-video-preview:-1\" \/>\n<link rel=\"canonical\" href=\"https:\/\/www.dmeluxurycarrental.com\/es\/dme-gt-club-superdeportivos\/\" \/>\n<meta property=\"og:locale\" content=\"es_ES\" \/>\n<meta property=\"og:type\" content=\"article\" \/>\n<meta property=\"og:title\" content=\"DME GT Club, Supercar Club en Barcelona - DME Luxury Car Rental\" \/>\n<meta property=\"og:description\" content=\"Somos m\u00e1s que un club de supercoches. Somos la emoci\u00f3n y la satisfacci\u00f3n de la velocidad. Somos la emoci\u00f3n y la satisfacci\u00f3n de la vida vivida al m\u00e1ximo.\" \/>\n<meta property=\"og:url\" content=\"https:\/\/www.dmeluxurycarrental.com\/es\/dme-gt-club-superdeportivos\/\" \/>\n<meta property=\"og:site_name\" content=\"DME Luxury Car Rental\" \/>\n<meta property=\"article:modified_time\" content=\"2018-10-17T09:53:09+00:00\" \/>\n<meta name=\"twitter:card\" content=\"summary_large_image\" \/>\n<meta name=\"twitter:label1\" content=\"Tiempo de lectura\" \/>\n\t<meta name=\"twitter:data1\" content=\"10 minutos\" \/>\n<script type=\"application\/ld+json\" class=\"yoast-schema-graph\">{\"@context\":\"https:\/\/schema.org\",\"@graph\":[{\"@type\":\"WebPage\",\"@id\":\"https:\/\/www.dmeluxurycarrental.com\/es\/dme-gt-club-superdeportivos\/\",\"url\":\"https:\/\/www.dmeluxurycarrental.com\/es\/dme-gt-club-superdeportivos\/\",\"name\":\"DME GT Club, Supercar Club en Barcelona - DME Luxury Car Rental\",\"isPartOf\":{\"@id\":\"https:\/\/www.dmeluxurycarrental.com\/es\/#website\"},\"datePublished\":\"2018-01-29T19:05:03+00:00\",\"dateModified\":\"2018-10-17T09:53:09+00:00\",\"description\":\"Somos m\u00e1s que un club de supercoches. Somos la emoci\u00f3n y la satisfacci\u00f3n de la velocidad. Somos la emoci\u00f3n y la satisfacci\u00f3n de la vida vivida al m\u00e1ximo.\",\"breadcrumb\":{\"@id\":\"https:\/\/www.dmeluxurycarrental.com\/es\/dme-gt-club-superdeportivos\/#breadcrumb\"},\"inLanguage\":\"es\",\"potentialAction\":[{\"@type\":\"ReadAction\",\"target\":[\"https:\/\/www.dmeluxurycarrental.com\/es\/dme-gt-club-superdeportivos\/\"]}]},{\"@type\":\"BreadcrumbList\",\"@id\":\"https:\/\/www.dmeluxurycarrental.com\/es\/dme-gt-club-superdeportivos\/#breadcrumb\",\"itemListElement\":[{\"@type\":\"ListItem\",\"position\":1,\"name\":\"Home\",\"item\":\"https:\/\/www.dmeluxurycarrental.com\/es\/\"},{\"@type\":\"ListItem\",\"position\":2,\"name\":\"DME GT CLUB\"}]},{\"@type\":\"WebSite\",\"@id\":\"https:\/\/www.dmeluxurycarrental.com\/es\/#website\",\"url\":\"https:\/\/www.dmeluxurycarrental.com\/es\/\",\"name\":\"DME Luxury Car Rental\",\"description\":\"Luxury car rental in Barcelona\",\"publisher\":{\"@id\":\"https:\/\/www.dmeluxurycarrental.com\/es\/#organization\"},\"potentialAction\":[{\"@type\":\"SearchAction\",\"target\":{\"@type\":\"EntryPoint\",\"urlTemplate\":\"https:\/\/www.dmeluxurycarrental.com\/es\/?s={search_term_string}\"},\"query-input\":{\"@type\":\"PropertyValueSpecification\",\"valueRequired\":true,\"valueName\":\"search_term_string\"}}],\"inLanguage\":\"es\"},{\"@type\":\"Organization\",\"@id\":\"https:\/\/www.dmeluxurycarrental.com\/es\/#organization\",\"name\":\"DME Luxury Car Rental\",\"url\":\"https:\/\/www.dmeluxurycarrental.com\/es\/\",\"logo\":{\"@type\":\"ImageObject\",\"inLanguage\":\"es\",\"@id\":\"https:\/\/www.dmeluxurycarrental.com\/es\/#\/schema\/logo\/image\/\",\"url\":\"https:\/\/www.dmeluxurycarrental.com\/wp-content\/uploads\/2018\/02\/dme-luxury-car-rental-1.png\",\"contentUrl\":\"https:\/\/www.dmeluxurycarrental.com\/wp-content\/uploads\/2018\/02\/dme-luxury-car-rental-1.png\",\"width\":306,\"height\":77,\"caption\":\"DME Luxury Car Rental\"},\"image\":{\"@id\":\"https:\/\/www.dmeluxurycarrental.com\/es\/#\/schema\/logo\/image\/\"}}]}<\/script>\n<!-- \/ Yoast SEO plugin. -->","yoast_head_json":{"title":"DME GT Club, Supercar Club en Barcelona - DME Luxury Car Rental","description":"Somos m\u00e1s que un club de supercoches. Somos la emoci\u00f3n y la satisfacci\u00f3n de la velocidad. Somos la emoci\u00f3n y la satisfacci\u00f3n de la vida vivida al m\u00e1ximo.","robots":{"index":"index","follow":"follow","max-snippet":"max-snippet:-1","max-image-preview":"max-image-preview:large","max-video-preview":"max-video-preview:-1"},"canonical":"https:\/\/www.dmeluxurycarrental.com\/es\/dme-gt-club-superdeportivos\/","og_locale":"es_ES","og_type":"article","og_title":"DME GT Club, Supercar Club en Barcelona - DME Luxury Car Rental","og_description":"Somos m\u00e1s que un club de supercoches. Somos la emoci\u00f3n y la satisfacci\u00f3n de la velocidad. Somos la emoci\u00f3n y la satisfacci\u00f3n de la vida vivida al m\u00e1ximo.","og_url":"https:\/\/www.dmeluxurycarrental.com\/es\/dme-gt-club-superdeportivos\/","og_site_name":"DME Luxury Car Rental","article_modified_time":"2018-10-17T09:53:09+00:00","twitter_card":"summary_large_image","twitter_misc":{"Tiempo de lectura":"10 minutos"},"schema":{"@context":"https:\/\/schema.org","@graph":[{"@type":"WebPage","@id":"https:\/\/www.dmeluxurycarrental.com\/es\/dme-gt-club-superdeportivos\/","url":"https:\/\/www.dmeluxurycarrental.com\/es\/dme-gt-club-superdeportivos\/","name":"DME GT Club, Supercar Club en Barcelona - DME Luxury Car Rental","isPartOf":{"@id":"https:\/\/www.dmeluxurycarrental.com\/es\/#website"},"datePublished":"2018-01-29T19:05:03+00:00","dateModified":"2018-10-17T09:53:09+00:00","description":"Somos m\u00e1s que un club de supercoches. Somos la emoci\u00f3n y la satisfacci\u00f3n de la velocidad. Somos la emoci\u00f3n y la satisfacci\u00f3n de la vida vivida al m\u00e1ximo.","breadcrumb":{"@id":"https:\/\/www.dmeluxurycarrental.com\/es\/dme-gt-club-superdeportivos\/#breadcrumb"},"inLanguage":"es","potentialAction":[{"@type":"ReadAction","target":["https:\/\/www.dmeluxurycarrental.com\/es\/dme-gt-club-superdeportivos\/"]}]},{"@type":"BreadcrumbList","@id":"https:\/\/www.dmeluxurycarrental.com\/es\/dme-gt-club-superdeportivos\/#breadcrumb","itemListElement":[{"@type":"ListItem","position":1,"name":"Home","item":"https:\/\/www.dmeluxurycarrental.com\/es\/"},{"@type":"ListItem","position":2,"name":"DME GT CLUB"}]},{"@type":"WebSite","@id":"https:\/\/www.dmeluxurycarrental.com\/es\/#website","url":"https:\/\/www.dmeluxurycarrental.com\/es\/","name":"DME Luxury Car Rental","description":"Luxury car rental in Barcelona","publisher":{"@id":"https:\/\/www.dmeluxurycarrental.com\/es\/#organization"},"potentialAction":[{"@type":"SearchAction","target":{"@type":"EntryPoint","urlTemplate":"https:\/\/www.dmeluxurycarrental.com\/es\/?s={search_term_string}"},"query-input":{"@type":"PropertyValueSpecification","valueRequired":true,"valueName":"search_term_string"}}],"inLanguage":"es"},{"@type":"Organization","@id":"https:\/\/www.dmeluxurycarrental.com\/es\/#organization","name":"DME Luxury Car Rental","url":"https:\/\/www.dmeluxurycarrental.com\/es\/","logo":{"@type":"ImageObject","inLanguage":"es","@id":"https:\/\/www.dmeluxurycarrental.com\/es\/#\/schema\/logo\/image\/","url":"https:\/\/www.dmeluxurycarrental.com\/wp-content\/uploads\/2018\/02\/dme-luxury-car-rental-1.png","contentUrl":"https:\/\/www.dmeluxurycarrental.com\/wp-content\/uploads\/2018\/02\/dme-luxury-car-rental-1.png","width":306,"height":77,"caption":"DME Luxury Car Rental"},"image":{"@id":"https:\/\/www.dmeluxurycarrental.com\/es\/#\/schema\/logo\/image\/"}}]}},"_links":{"self":[{"href":"https:\/\/www.dmeluxurycarrental.com\/es\/wp-json\/wp\/v2\/pages\/843"}],"collection":[{"href":"https:\/\/www.dmeluxurycarrental.com\/es\/wp-json\/wp\/v2\/pages"}],"about":[{"href":"https:\/\/www.dmeluxurycarrental.com\/es\/wp-json\/wp\/v2\/types\/page"}],"author":[{"embeddable":true,"href":"https:\/\/www.dmeluxurycarrental.com\/es\/wp-json\/wp\/v2\/users\/1"}],"replies":[{"embeddable":true,"href":"https:\/\/www.dmeluxurycarrental.com\/es\/wp-json\/wp\/v2\/comments?post=843"}],"version-history":[{"count":0,"href":"https:\/\/www.dmeluxurycarrental.com\/es\/wp-json\/wp\/v2\/pages\/843\/revisions"}],"wp:attachment":[{"href":"https:\/\/www.dmeluxurycarrental.com\/es\/wp-json\/wp\/v2\/media?parent=843"}],"curies":[{"name":"wp","href":"https:\/\/api.w.org\/{rel}","templated":true}]}}