{"id":836,"date":"2018-01-30T06:56:03","date_gmt":"2018-01-30T06:56:03","guid":{"rendered":"http:\/\/www.dmeluxurycarrental.com\/about-us\/"},"modified":"2023-04-13T11:55:11","modified_gmt":"2023-04-13T09:55:11","slug":"sobre-nosotros","status":"publish","type":"page","link":"https:\/\/www.dmeluxurycarrental.com\/es\/sobre-nosotros\/","title":{"rendered":"Sobre Nosotros"},"content":{"rendered":"<div class=\"fusion-fullwidth fullwidth-box fusion-builder-row-1 nonhundred-percent-fullwidth non-hundred-percent-height-scrolling\" style=\"--awb-border-radius-top-left:0px;--awb-border-radius-top-right:0px;--awb-border-radius-bottom-right:0px;--awb-border-radius-bottom-left:0px;--awb-padding-top:60px;--awb-flex-wrap:wrap;\" ><div class=\"fusion-builder-row fusion-row\"><div class=\"fusion-layout-column fusion_builder_column fusion-builder-column-0 fusion_builder_column_1_5 1_5 fusion-one-fifth fusion-column-first fusion-no-small-visibility\" style=\"--awb-padding-left:20%;--awb-bg-size:cover;width:20%;width:calc(20% - ( ( 0 ) * 0.2 ) );margin-right: 0px;\"><div class=\"fusion-column-wrapper fusion-flex-column-wrapper-legacy\"><div class=\"fusion-text fusion-text-1\"><p>DME LUXURY CAR RENTAL<\/p>\n<\/div><div class=\"fusion-title title fusion-title-1 fusion-sep-none fusion-title-text fusion-title-size-one\" style=\"--awb-margin-top:-25px;\"><h1 class=\"fusion-title-heading title-heading-left fusion-responsive-typography-calculated\" style=\"margin:0;--fontSize:43;line-height:1.15;\"><span style=\"color: #333333;\">About US<\/span><\/h1><\/div><div class=\"fusion-clearfix\"><\/div><\/div><\/div><div class=\"fusion-layout-column fusion_builder_column fusion-builder-column-1 fusion_builder_column_4_5 4_5 fusion-four-fifth fusion-column-last\" style=\"--awb-padding-right:6%;--awb-padding-left:6%;--awb-bg-size:cover;--awb-margin-bottom:0px;width:80%;width:calc(80% - ( ( 0 ) * 0.8 ) );\"><div class=\"fusion-column-wrapper fusion-flex-column-wrapper-legacy\"><div class=\"fusion-title title fusion-title-2 fusion-sep-none fusion-title-text fusion-title-size-three\"><h3 class=\"fusion-title-heading title-heading-left fusion-responsive-typography-calculated\" style=\"margin:0;--fontSize:21;--minFontSize:21;line-height:1.2;\"><span style=\"color: #333333;\"><strong>DME LUXURY CAR RENTAL<\/strong><\/span><\/h3><\/div><div class=\"fusion-text fusion-text-2\"><p style=\"text-align: left;\">DME Luxury Car Rental is part of the DME Group, which serves the high-end and luxury motoring market in Barcelona.<\/p>\n<p style=\"text-align: left;\">The Company was born from our love of exotic and luxury cars. Our passion is to make the world&#8217;s most exclusive sports and supercars available for everyone to enjoy. We are much more than a car rental company &#8211; we are a first-class service. Our customers trust us for simple , seamless experiences, perfectly tailored to fit their needs.<\/p>\n<p style=\"text-align: left;\">From fast and fun hourly rentals to full-service, holistic VIP experiences, DME Luxury Car Rental pays attention to every detail, every time.<\/p>\n<\/div><div class=\"fusion-sep-clear\"><\/div><div class=\"fusion-separator fusion-full-width-sep\" style=\"margin-left: auto;margin-right: auto;margin-top:25px;width:100%;\"><\/div><div class=\"fusion-sep-clear\"><\/div><div class=\"fusion-title title fusion-title-3 fusion-sep-none fusion-title-text fusion-title-size-three\"><h3 class=\"fusion-title-heading title-heading-left fusion-responsive-typography-calculated\" style=\"margin:0;--fontSize:21;--minFontSize:21;line-height:1.2;\"><span style=\"color: #333333;\"><strong>HOW TO RESERVE<\/strong><\/span><\/h3><\/div><div class=\"fusion-text fusion-text-3\"><p style=\"text-align: left;\">Our team of sales managers will ensure your journey with us is fun and stress-free. Just tell us what you want and we will make it happen. Our cars can be delivered and collected wherever and whenever you need them. You can reserve and pay through our website or directly with a member of our team. Either way, it&#8217;s simple, convenient and straightforward.<\/p>\n<p style=\"text-align: left;\"><strong>DME Luxury Car Rental: handpicked by us, driven by you.<\/strong><\/p>\n<\/div><div class=\"fusion-sep-clear\"><\/div><div class=\"fusion-separator fusion-full-width-sep\" style=\"margin-left: auto;margin-right: auto;margin-top:15px;width:100%;\"><\/div><div class=\"fusion-sep-clear\"><\/div><div class=\"fusion-builder-row fusion-builder-row-inner fusion-row\"><div class=\"fusion-layout-column fusion_builder_column_inner fusion-builder-nested-column-0 fusion_builder_column_inner_1_4 1_4 fusion-one-fourth fusion-column-first\" style=\"--awb-bg-size:cover;width:25%;width:calc(25% - ( ( 4% ) * 0.25 ) );margin-right: 4%;\"><div class=\"fusion-column-wrapper fusion-flex-column-wrapper-legacy\"><div class=\"fusion-align-block\"><a class=\"fusion-button button-flat fusion-button-default-size button-default fusion-button-default button-1 fusion-button-span-yes fusion-button-default-type\" target=\"_self\" href=\"https:\/\/www.dmeluxurycarrental.com\/es\/flota-coches-lujo\/\"><span class=\"fusion-button-text\">RESERVE<\/span><\/a><\/div><div class=\"fusion-clearfix\"><\/div><\/div><\/div><div class=\"fusion-layout-column fusion_builder_column_inner fusion-builder-nested-column-1 fusion_builder_column_inner_1_4 1_4 fusion-one-fourth fusion-column-last\" style=\"--awb-bg-size:cover;--awb-margin-bottom:0px;width:25%;width:calc(25% - ( ( 4% ) * 0.25 ) );\"><div class=\"fusion-column-wrapper fusion-flex-column-wrapper-legacy\"><div class=\"fusion-align-block\"><a class=\"fusion-button button-flat fusion-button-default-size button-default fusion-button-default button-2 fusion-button-span-yes fusion-button-default-type\" target=\"_self\" href=\"https:\/\/www.dmeluxurycarrental.com\/es\/contactar\/\"><span class=\"fusion-button-text\">CONTACT US<\/span><\/a><\/div><div class=\"fusion-clearfix\"><\/div><\/div><\/div><\/div><div class=\"fusion-clearfix\"><\/div><\/div><\/div><\/div><\/div>\n","protected":false},"excerpt":{"rendered":"","protected":false},"author":1,"featured_media":0,"parent":0,"menu_order":0,"comment_status":"closed","ping_status":"closed","template":"","meta":{"footnotes":""},"class_list":["post-836","page","type-page","status-publish","hentry"],"yoast_head":"<!-- This site is optimized with the Yoast SEO plugin v23.5 - https:\/\/yoast.com\/wordpress\/plugins\/seo\/ -->\n<title>L\u00edder de alquiler de supercoches en Barcelona. - DME Luxury Car Rental<\/title>\n<meta name=\"description\" content=\"En LCR atendemos el mercado de automovilismo de alta gama y lujo en Barcelona. Nuestra pasi\u00f3n es que los coches m\u00e1s exclusivos est\u00e9n disponibles para ti.\" \/>\n<meta name=\"robots\" content=\"index, follow, max-snippet:-1, max-image-preview:large, max-video-preview:-1\" \/>\n<link rel=\"canonical\" href=\"https:\/\/www.dmeluxurycarrental.com\/es\/sobre-nosotros\/\" \/>\n<meta property=\"og:locale\" content=\"es_ES\" \/>\n<meta property=\"og:type\" content=\"article\" \/>\n<meta property=\"og:title\" content=\"L\u00edder de alquiler de supercoches en Barcelona. - DME Luxury Car Rental\" \/>\n<meta property=\"og:description\" content=\"En LCR atendemos el mercado de automovilismo de alta gama y lujo en Barcelona. Nuestra pasi\u00f3n es que los coches m\u00e1s exclusivos est\u00e9n disponibles para ti.\" \/>\n<meta property=\"og:url\" content=\"https:\/\/www.dmeluxurycarrental.com\/es\/sobre-nosotros\/\" \/>\n<meta property=\"og:site_name\" content=\"DME Luxury Car Rental\" \/>\n<meta property=\"article:modified_time\" content=\"2023-04-13T09:55:11+00:00\" \/>\n<meta name=\"twitter:card\" content=\"summary_large_image\" \/>\n<meta name=\"twitter:label1\" content=\"Tiempo de lectura\" \/>\n\t<meta name=\"twitter:data1\" content=\"5 minutos\" \/>\n<script type=\"application\/ld+json\" class=\"yoast-schema-graph\">{\"@context\":\"https:\/\/schema.org\",\"@graph\":[{\"@type\":\"WebPage\",\"@id\":\"https:\/\/www.dmeluxurycarrental.com\/es\/sobre-nosotros\/\",\"url\":\"https:\/\/www.dmeluxurycarrental.com\/es\/sobre-nosotros\/\",\"name\":\"L\u00edder de alquiler de supercoches en Barcelona. - DME Luxury Car Rental\",\"isPartOf\":{\"@id\":\"https:\/\/www.dmeluxurycarrental.com\/es\/#website\"},\"datePublished\":\"2018-01-30T06:56:03+00:00\",\"dateModified\":\"2023-04-13T09:55:11+00:00\",\"description\":\"En LCR atendemos el mercado de automovilismo de alta gama y lujo en Barcelona. Nuestra pasi\u00f3n es que los coches m\u00e1s exclusivos est\u00e9n disponibles para ti.\",\"breadcrumb\":{\"@id\":\"https:\/\/www.dmeluxurycarrental.com\/es\/sobre-nosotros\/#breadcrumb\"},\"inLanguage\":\"es\",\"potentialAction\":[{\"@type\":\"ReadAction\",\"target\":[\"https:\/\/www.dmeluxurycarrental.com\/es\/sobre-nosotros\/\"]}]},{\"@type\":\"BreadcrumbList\",\"@id\":\"https:\/\/www.dmeluxurycarrental.com\/es\/sobre-nosotros\/#breadcrumb\",\"itemListElement\":[{\"@type\":\"ListItem\",\"position\":1,\"name\":\"Home\",\"item\":\"https:\/\/www.dmeluxurycarrental.com\/es\/\"},{\"@type\":\"ListItem\",\"position\":2,\"name\":\"Sobre Nosotros\"}]},{\"@type\":\"WebSite\",\"@id\":\"https:\/\/www.dmeluxurycarrental.com\/es\/#website\",\"url\":\"https:\/\/www.dmeluxurycarrental.com\/es\/\",\"name\":\"DME Luxury Car Rental\",\"description\":\"Luxury car rental in Barcelona\",\"publisher\":{\"@id\":\"https:\/\/www.dmeluxurycarrental.com\/es\/#organization\"},\"potentialAction\":[{\"@type\":\"SearchAction\",\"target\":{\"@type\":\"EntryPoint\",\"urlTemplate\":\"https:\/\/www.dmeluxurycarrental.com\/es\/?s={search_term_string}\"},\"query-input\":{\"@type\":\"PropertyValueSpecification\",\"valueRequired\":true,\"valueName\":\"search_term_string\"}}],\"inLanguage\":\"es\"},{\"@type\":\"Organization\",\"@id\":\"https:\/\/www.dmeluxurycarrental.com\/es\/#organization\",\"name\":\"DME Luxury Car Rental\",\"url\":\"https:\/\/www.dmeluxurycarrental.com\/es\/\",\"logo\":{\"@type\":\"ImageObject\",\"inLanguage\":\"es\",\"@id\":\"https:\/\/www.dmeluxurycarrental.com\/es\/#\/schema\/logo\/image\/\",\"url\":\"https:\/\/www.dmeluxurycarrental.com\/wp-content\/uploads\/2018\/02\/dme-luxury-car-rental-1.png\",\"contentUrl\":\"https:\/\/www.dmeluxurycarrental.com\/wp-content\/uploads\/2018\/02\/dme-luxury-car-rental-1.png\",\"width\":306,\"height\":77,\"caption\":\"DME Luxury Car Rental\"},\"image\":{\"@id\":\"https:\/\/www.dmeluxurycarrental.com\/es\/#\/schema\/logo\/image\/\"}}]}<\/script>\n<!-- \/ Yoast SEO plugin. -->","yoast_head_json":{"title":"L\u00edder de alquiler de supercoches en Barcelona. - DME Luxury Car Rental","description":"En LCR atendemos el mercado de automovilismo de alta gama y lujo en Barcelona. Nuestra pasi\u00f3n es que los coches m\u00e1s exclusivos est\u00e9n disponibles para ti.","robots":{"index":"index","follow":"follow","max-snippet":"max-snippet:-1","max-image-preview":"max-image-preview:large","max-video-preview":"max-video-preview:-1"},"canonical":"https:\/\/www.dmeluxurycarrental.com\/es\/sobre-nosotros\/","og_locale":"es_ES","og_type":"article","og_title":"L\u00edder de alquiler de supercoches en Barcelona. - DME Luxury Car Rental","og_description":"En LCR atendemos el mercado de automovilismo de alta gama y lujo en Barcelona. Nuestra pasi\u00f3n es que los coches m\u00e1s exclusivos est\u00e9n disponibles para ti.","og_url":"https:\/\/www.dmeluxurycarrental.com\/es\/sobre-nosotros\/","og_site_name":"DME Luxury Car Rental","article_modified_time":"2023-04-13T09:55:11+00:00","twitter_card":"summary_large_image","twitter_misc":{"Tiempo de lectura":"5 minutos"},"schema":{"@context":"https:\/\/schema.org","@graph":[{"@type":"WebPage","@id":"https:\/\/www.dmeluxurycarrental.com\/es\/sobre-nosotros\/","url":"https:\/\/www.dmeluxurycarrental.com\/es\/sobre-nosotros\/","name":"L\u00edder de alquiler de supercoches en Barcelona. - DME Luxury Car Rental","isPartOf":{"@id":"https:\/\/www.dmeluxurycarrental.com\/es\/#website"},"datePublished":"2018-01-30T06:56:03+00:00","dateModified":"2023-04-13T09:55:11+00:00","description":"En LCR atendemos el mercado de automovilismo de alta gama y lujo en Barcelona. Nuestra pasi\u00f3n es que los coches m\u00e1s exclusivos est\u00e9n disponibles para ti.","breadcrumb":{"@id":"https:\/\/www.dmeluxurycarrental.com\/es\/sobre-nosotros\/#breadcrumb"},"inLanguage":"es","potentialAction":[{"@type":"ReadAction","target":["https:\/\/www.dmeluxurycarrental.com\/es\/sobre-nosotros\/"]}]},{"@type":"BreadcrumbList","@id":"https:\/\/www.dmeluxurycarrental.com\/es\/sobre-nosotros\/#breadcrumb","itemListElement":[{"@type":"ListItem","position":1,"name":"Home","item":"https:\/\/www.dmeluxurycarrental.com\/es\/"},{"@type":"ListItem","position":2,"name":"Sobre Nosotros"}]},{"@type":"WebSite","@id":"https:\/\/www.dmeluxurycarrental.com\/es\/#website","url":"https:\/\/www.dmeluxurycarrental.com\/es\/","name":"DME Luxury Car Rental","description":"Luxury car rental in Barcelona","publisher":{"@id":"https:\/\/www.dmeluxurycarrental.com\/es\/#organization"},"potentialAction":[{"@type":"SearchAction","target":{"@type":"EntryPoint","urlTemplate":"https:\/\/www.dmeluxurycarrental.com\/es\/?s={search_term_string}"},"query-input":{"@type":"PropertyValueSpecification","valueRequired":true,"valueName":"search_term_string"}}],"inLanguage":"es"},{"@type":"Organization","@id":"https:\/\/www.dmeluxurycarrental.com\/es\/#organization","name":"DME Luxury Car Rental","url":"https:\/\/www.dmeluxurycarrental.com\/es\/","logo":{"@type":"ImageObject","inLanguage":"es","@id":"https:\/\/www.dmeluxurycarrental.com\/es\/#\/schema\/logo\/image\/","url":"https:\/\/www.dmeluxurycarrental.com\/wp-content\/uploads\/2018\/02\/dme-luxury-car-rental-1.png","contentUrl":"https:\/\/www.dmeluxurycarrental.com\/wp-content\/uploads\/2018\/02\/dme-luxury-car-rental-1.png","width":306,"height":77,"caption":"DME Luxury Car Rental"},"image":{"@id":"https:\/\/www.dmeluxurycarrental.com\/es\/#\/schema\/logo\/image\/"}}]}},"_links":{"self":[{"href":"https:\/\/www.dmeluxurycarrental.com\/es\/wp-json\/wp\/v2\/pages\/836"}],"collection":[{"href":"https:\/\/www.dmeluxurycarrental.com\/es\/wp-json\/wp\/v2\/pages"}],"about":[{"href":"https:\/\/www.dmeluxurycarrental.com\/es\/wp-json\/wp\/v2\/types\/page"}],"author":[{"embeddable":true,"href":"https:\/\/www.dmeluxurycarrental.com\/es\/wp-json\/wp\/v2\/users\/1"}],"replies":[{"embeddable":true,"href":"https:\/\/www.dmeluxurycarrental.com\/es\/wp-json\/wp\/v2\/comments?post=836"}],"version-history":[{"count":0,"href":"https:\/\/www.dmeluxurycarrental.com\/es\/wp-json\/wp\/v2\/pages\/836\/revisions"}],"wp:attachment":[{"href":"https:\/\/www.dmeluxurycarrental.com\/es\/wp-json\/wp\/v2\/media?parent=836"}],"curies":[{"name":"wp","href":"https:\/\/api.w.org\/{rel}","templated":true}]}}